{"id":1165,"date":"2024-01-29T15:16:00","date_gmt":"2024-01-29T15:16:00","guid":{"rendered":"https:\/\/www.formation-seo.org\/kirmada-avis-et-prix-2024-tout-savoir-sur-cette-nouvelle-tendance\/"},"modified":"2024-01-29T15:22:42","modified_gmt":"2024-01-29T15:22:42","slug":"kirmada","status":"publish","type":"page","link":"https:\/\/www.formation-seo.org\/es\/outil\/kirmada\/","title":{"rendered":"Kirmada 2024 opiniones y precios: Todo lo que necesitas saber sobre esta nueva tendencia"},"content":{"rendered":"<p>El mundo del consumo evoluciona constantemente, y cada a\u00f1o es testigo de la aparici\u00f3n de nuevas tendencias. Para 2024, uno de los fen\u00f3menos de los que todo el mundo habla es sin duda la Kirmada. Pero, \u00bfqu\u00e9 es la Kirmada? \u00bfQu\u00e9 piensan de ella los usuarios? \u00bfCu\u00e1nto cuesta? Te damos todas las respuestas a estas preguntas en este art\u00edculo.<\/p>\n<h2>Kirmada: un concepto innovador para los amantes de perros, gatos y otros animales<\/h2>\n<p>Los amantes de las mascotas saben lo esencial que es proporcionarles un entorno adecuado y confortable. Por eso <strong>Kirmada es una soluci\u00f3n innovadora.<\/strong> Se trata de una gama completa de productos dise\u00f1ados para facilitar la vida a los propietarios de perros, gatos y otros animales, garantizando al mismo tiempo su bienestar.<\/p>\n<h3>Casas para mascotas elegantes y funcionales<\/h3>\n<p>Uno de los principales puntos fuertes de Kirmada es su gama de casetas para mascotas. Estos refugios proporcionan un espacio seguro y c\u00f3modo para su mascota, al tiempo que a\u00f1aden un toque decorativo original a su hogar o jard\u00edn. Las casetas Kirmada est\u00e1n fabricadas con materiales de alta calidad, duraderos y f\u00e1ciles de mantener.<\/p>\n<h3>Una variada selecci\u00f3n de accesorios para el d\u00eda a d\u00eda<\/h3>\n<p>Adem\u00e1s de casas, Kirmada tambi\u00e9n ofrece una selecci\u00f3n de accesorios para mascotas. Encontrar\u00e1 cuencos de dise\u00f1o, juguetes originales y divertidos, y herramientas espec\u00edficas para adiestrar a su mascota. Todos estos productos est\u00e1n dise\u00f1ados para integrarse perfectamente en tu vida diaria.<\/p>\n<h2>Precio: \u00bfcu\u00e1nto cuesta un producto Kirmada?<\/h2>\n<p>Como marca innovadora que ofrece productos de calidad, es justo preguntarse cu\u00e1nto cuesta un producto Kirmada. Los precios var\u00edan en funci\u00f3n del tipo de producto elegido, as\u00ed como del tama\u00f1o y los materiales utilizados. Sin embargo, es importante se\u00f1alar que <strong>El objetivo de Kirmada es ofrecer una excelente relaci\u00f3n calidad-precio.<\/strong> Por eso, aunque algunos productos puedan parecer caros al principio, su durabilidad y eficacia justifican sobradamente la inversi\u00f3n a largo plazo.<\/p>\n<h3>Promociones peri\u00f3dicas para facilitar el acceso a la marca<\/h3>\n<p>Para que sus productos sean accesibles al mayor n\u00famero de personas posible, Kirmada organiza regularmente promociones en su gama de productos. Podr\u00e1 beneficiarse de atractivos descuentos en determinados periodos o de c\u00f3digos promocionales. No dude en seguir la actualidad de la marca para no perderse ninguna de estas gangas.<\/p>\n<h2>Opiniones: \u00bfqu\u00e9 opinan los usuarios de Kirmada?<\/h2>\n<p>Para entender mejor el revuelo que rodea a Kirmada, merece la pena echar un vistazo a las opiniones de los usuarios. En general, son muy positivas y destacan varios puntos fuertes, como :<\/p>\n<ul>\n<li>La calidad de los materiales utilizados<\/li>\n<li>El dise\u00f1o original y atractivo de los productos<\/li>\n<li>La funcionalidad y eficacia de los accesorios ofrecidos<\/li>\n<li>Buena relaci\u00f3n calidad-precio<\/li>\n<li>El departamento de atenci\u00f3n al cliente se mostr\u00f3 receptivo y atento.<\/li>\n<\/ul>\n<p><strong>Sin embargo, algunos usuarios han expresado sus reservas,<\/strong> sobre todo en lo que se refiere al precio de algunos productos y a la dificultad de mantenimiento de ciertos art\u00edculos. Sin embargo, estos inconvenientes parecen m\u00e1s que compensados por los puntos fuertes de la marca.<\/p>\n<h2>Kirmada: \u00bfuna soluci\u00f3n tambi\u00e9n para los propietarios de veh\u00edculos?<\/h2>\n<p>Tras el \u00e9xito de su gama de art\u00edculos para mascotas, Kirmada ampl\u00eda su concepto a los propietarios de autom\u00f3viles con una oferta espec\u00edfica. Con fundas de asiento, alfombrillas y otros accesorios para el autom\u00f3vil, esta nueva gama pretende facilitar la vida de los conductores con mascotas.<\/p>\n<h3>\u00bfPor qu\u00e9 elegir accesorios Kirmada para su coche?<\/h3>\n<p>Los accesorios Kirmada para veh\u00edculos ofrecen varias ventajas importantes a los propietarios de mascotas:<\/p>\n<ul>\n<li>Protecci\u00f3n \u00f3ptima de asientos y suelos contra ara\u00f1azos, pelos y otros tipos de suciedad<\/li>\n<li>F\u00e1cil mantenimiento gracias a los materiales resistentes y lavables<\/li>\n<li>Un dise\u00f1o a juego con los productos para mascotas de la marca, para una armon\u00eda perfecta<\/li>\n<li>La calidad y la atenci\u00f3n al detalle que han dado fama a Kirmada.<\/li>\n<\/ul>\n<h2>Por \u00faltimo, no olvidemos el aspecto medioambiental<\/h2>\n<p>Adem\u00e1s de su atractivo est\u00e9tico y su comodidad, los productos Kirmada tambi\u00e9n se dise\u00f1an pensando en la sostenibilidad y el respeto al medio ambiente. Y as\u00ed son, <strong>La marca se compromete a utilizar materiales ecorresponsables y reciclables,<\/strong> y limitar su huella de carbono optimizando sus procesos de producci\u00f3n y log\u00edstica. Con esta idea, Kirmada se ha posicionado como una marca comprometida con la preservaci\u00f3n de nuestro planeta.<\/p>","protected":false},"excerpt":{"rendered":"<p>El mundo del consumo evoluciona constantemente, y cada a\u00f1o es testigo de la aparici\u00f3n de nuevas tendencias. Para 2024, uno de los fen\u00f3menos de los que todo el mundo habla es sin duda la Kirmada. Pero, \u00bfqu\u00e9 es la Kirmada? \u00bfQu\u00e9 piensan de ella los usuarios? \u00bfCu\u00e1nto cuesta? Vamos a darte toda la ... <a title=\"Kirmada 2024 opiniones y precios: Todo lo que necesitas saber sobre esta nueva tendencia\" class=\"read-more\" href=\"https:\/\/www.formation-seo.org\/es\/outil\/kirmada\/\" aria-label=\"M\u00e1s en Kirmada 2024 opiniones y precios: Todo lo que necesitas saber sobre esta nueva tendencia\">Leer m\u00e1s<\/a><\/p>","protected":false},"author":11,"featured_media":0,"parent":1148,"menu_order":0,"comment_status":"open","ping_status":"closed","template":"","meta":{"spay_email":"","footnotes":""},"yoast_head":"<!-- This site is optimized with the Yoast SEO plugin v15.7 - https:\/\/yoast.com\/wordpress\/plugins\/seo\/ -->\n<title>Kirmada avis et prix 2024 : Tout savoir sur cette nouvelle tendance - Formation SEO<\/title>\n<meta name=\"robots\" content=\"index, follow, max-snippet:-1, max-image-preview:large, max-video-preview:-1\" \/>\n<link rel=\"canonical\" href=\"https:\/\/www.formation-seo.org\/es\/outil\/kirmada\/\" \/>\n<meta property=\"og:locale\" content=\"es_ES\" \/>\n<meta property=\"og:type\" content=\"article\" \/>\n<meta property=\"og:title\" content=\"Kirmada avis et prix 2024 : Tout savoir sur cette nouvelle tendance - Formation SEO\" \/>\n<meta property=\"og:description\" content=\"Le monde de la consommation ne cesse d&#8217;\u00e9voluer, et chaque ann\u00e9e voit appara\u00eetre de nouvelles tendances. Pour 2024, l&#8217;un des ph\u00e9nom\u00e8nes dont tout le monde parle est sans aucun doute Kirmada. Mais qu&#8217;est-ce que Kirmada ? Quels sont les avis des utilisateurs ? Quel en est le prix ? Nous allons vous donner toutes les ... Leer m\u00e1s\" \/>\n<meta property=\"og:url\" content=\"https:\/\/www.formation-seo.org\/es\/outil\/kirmada\/\" \/>\n<meta property=\"og:site_name\" content=\"Formation SEO\" \/>\n<meta property=\"article:modified_time\" content=\"2024-01-29T15:22:42+00:00\" \/>\n<meta name=\"twitter:card\" content=\"summary_large_image\" \/>\n<meta name=\"twitter:label1\" content=\"Tiempo de lectura\">\n\t<meta name=\"twitter:data1\" content=\"4 minutos\">\n<script type=\"application\/ld+json\" class=\"yoast-schema-graph\">{\"@context\":\"https:\/\/schema.org\",\"@graph\":[{\"@type\":\"WebSite\",\"@id\":\"https:\/\/www.formation-seo.org\/es\/#website\",\"url\":\"https:\/\/www.formation-seo.org\/es\/\",\"name\":\"Formation SEO\",\"description\":\"Black Hat Money de Romain Pirotte\",\"potentialAction\":[{\"@type\":\"SearchAction\",\"target\":\"https:\/\/www.formation-seo.org\/es\/?s={search_term_string}\",\"query-input\":\"required name=search_term_string\"}],\"inLanguage\":\"es\"},{\"@type\":\"WebPage\",\"@id\":\"https:\/\/www.formation-seo.org\/es\/outil\/kirmada\/#webpage\",\"url\":\"https:\/\/www.formation-seo.org\/es\/outil\/kirmada\/\",\"name\":\"Kirmada avis et prix 2024 : Tout savoir sur cette nouvelle tendance - Formation SEO\",\"isPartOf\":{\"@id\":\"https:\/\/www.formation-seo.org\/es\/#website\"},\"datePublished\":\"2024-01-29T15:16:00+00:00\",\"dateModified\":\"2024-01-29T15:22:42+00:00\",\"inLanguage\":\"es\",\"potentialAction\":[{\"@type\":\"ReadAction\",\"target\":[\"https:\/\/www.formation-seo.org\/es\/outil\/kirmada\/\"]}]}]}<\/script>\n<!-- \/ Yoast SEO plugin. -->","_links":{"self":[{"href":"https:\/\/www.formation-seo.org\/es\/wp-json\/wp\/v2\/pages\/1165"}],"collection":[{"href":"https:\/\/www.formation-seo.org\/es\/wp-json\/wp\/v2\/pages"}],"about":[{"href":"https:\/\/www.formation-seo.org\/es\/wp-json\/wp\/v2\/types\/page"}],"author":[{"embeddable":true,"href":"https:\/\/www.formation-seo.org\/es\/wp-json\/wp\/v2\/users\/11"}],"replies":[{"embeddable":true,"href":"https:\/\/www.formation-seo.org\/es\/wp-json\/wp\/v2\/comments?post=1165"}],"version-history":[{"count":1,"href":"https:\/\/www.formation-seo.org\/es\/wp-json\/wp\/v2\/pages\/1165\/revisions"}],"predecessor-version":[{"id":1193,"href":"https:\/\/www.formation-seo.org\/es\/wp-json\/wp\/v2\/pages\/1165\/revisions\/1193"}],"up":[{"embeddable":true,"href":"https:\/\/www.formation-seo.org\/es\/wp-json\/wp\/v2\/pages\/1148"}],"wp:attachment":[{"href":"https:\/\/www.formation-seo.org\/es\/wp-json\/wp\/v2\/media?parent=1165"}],"curies":[{"name":"wp","href":"https:\/\/api.w.org\/{rel}","templated":true}]}}