{"id":1165,"date":"2024-01-29T15:16:00","date_gmt":"2024-01-29T15:16:00","guid":{"rendered":"https:\/\/www.formation-seo.org\/kirmada-avis-et-prix-2024-tout-savoir-sur-cette-nouvelle-tendance\/"},"modified":"2024-01-29T15:22:42","modified_gmt":"2024-01-29T15:22:42","slug":"kirmada","status":"publish","type":"page","link":"https:\/\/www.formation-seo.org\/de\/outil\/kirmada\/","title":{"rendered":"Kirmada Meinungen und Preise 2024 : Alles \u00fcber diesen neuen Trend"},"content":{"rendered":"<p>Die Welt der Verbraucher entwickelt sich st\u00e4ndig weiter, und jedes Jahr gibt es neue Trends. F\u00fcr 2024 ist eines der Ph\u00e4nomene, \u00fcber das alle sprechen, zweifellos Kirmada. Aber was ist Kirmada eigentlich? Wie sind die Meinungen der Nutzer? Wie hoch ist der Preis? Wir werden Ihnen in diesem Artikel alle Antworten auf diese Fragen geben.<\/p>\n<h2>Kirmada: ein innovatives Konzept f\u00fcr Liebhaber von Hunden, Katzen und anderen Tieren<\/h2>\n<p>Wer Haustiere liebt, wei\u00df, wie wichtig es ist, ihnen eine passende und komfortable Umgebung zu bieten. In diesem Zusammenhang <strong>Kirmada stellt sich als eine innovative L\u00f6sung dar.<\/strong> Dabei handelt es sich um ein umfassendes Sortiment an Produkten, die das Leben von Hunde-, Katzen- und anderen Tierbesitzern erleichtern und gleichzeitig f\u00fcr das Wohlbefinden der Tiere sorgen sollen.<\/p>\n<h3>Design- und funktionsorientierte Tierh\u00e4user<\/h3>\n<p>Eine der gr\u00f6\u00dften St\u00e4rken von Kirmada ist seine Auswahl an Tierh\u00e4usern. Diese H\u00e4user bieten einen sicheren und komfortablen Platz f\u00fcr Ihr Haustier und verleihen Ihrer Wohnung oder Ihrem Garten einen originellen Deko-Touch. Die H\u00e4user von Kirmada sind aus hochwertigen, langlebigen und pflegeleichten Materialien gefertigt.<\/p>\n<h3>Eine Auswahl an verschiedenen Accessoires f\u00fcr den Alltag<\/h3>\n<p>Neben den Wohnungen bietet Kirmada auch eine Auswahl an Tierzubeh\u00f6r an. Hier finden Sie zum Beispiel Design-N\u00e4pfe, originelles und spielerisches Spielzeug oder auch spezielle Hilfsmittel f\u00fcr die Erziehung Ihres Tieres. Alle diese Produkte sind so konzipiert, dass sie sich harmonisch in Ihren Alltag einf\u00fcgen.<\/p>\n<h2>Preis: Wie viel kostet ein Kirmada-Produkt?<\/h2>\n<p>Da es sich um eine innovative Marke handelt, die qualitativ hochwertige Artikel anbietet, ist es legitim, sich zu fragen, wie viel ein Kirmada-Produkt kostet. Die Preise variieren je nach Art des gew\u00e4hlten Artikels sowie der Gr\u00f6\u00dfe und den verwendeten Materialien. Es erscheint jedoch wichtig zu betonen, dass <strong>Kirmada zielt darauf ab, ein hervorragendes Preis-Leistungs-Verh\u00e4ltnis zu bieten.<\/strong> So m\u00f6gen einige Produkte zwar auf den ersten Blick teuer erscheinen, doch ihre Haltbarkeit und Wirksamkeit rechtfertigen diese Investition langfristig mehr als ausreichend.<\/p>\n<h3>Regelm\u00e4\u00dfige Werbeaktionen, um den Zugang zur Marke zu erleichtern<\/h3>\n<p>Um seine Produkte f\u00fcr m\u00f6glichst viele Menschen zug\u00e4nglich zu machen, organisiert Kirmada regelm\u00e4\u00dfig Sonderangebote f\u00fcr seine Produktpalette. So k\u00f6nnen Sie zu bestimmten Zeiten von interessanten Preisnachl\u00e4ssen profitieren, oder wenn Sie von punktuellen Gutscheincodes Gebrauch machen. Z\u00f6gern Sie nicht, die Neuigkeiten der Marke zu verfolgen, um keine dieser Schn\u00e4ppchen zu verpassen.<\/p>\n<h2>Meinungen: Was halten die Nutzer von Kirmada?<\/h2>\n<p>Um den Hype um Kirmada besser zu verstehen, ist es interessant, sich die Meinungen der Nutzer anzuschauen. Im Allgemeinen sind diese sehr positiv und heben mehrere St\u00e4rken hervor, wie z. B. :<\/p>\n<ul>\n<li>Die Qualit\u00e4t der verwendeten Materialien<\/li>\n<li>Das originelle und ansprechende Design der Produkte<\/li>\n<li>Die Funktionalit\u00e4t und Effektivit\u00e4t des angebotenen Zubeh\u00f6rs<\/li>\n<li>Das als vorteilhaft angesehene Preis-Leistungs-Verh\u00e4ltnis<\/li>\n<li>Der Kundenservice, der als reaktionsschnell und zuh\u00f6rend beurteilt wurde.<\/li>\n<\/ul>\n<p><strong>Dennoch sind einige Vorbehalte zu beachten, die von einigen Nutzern ge\u00e4u\u00dfert wurden,<\/strong> insbesondere in Bezug auf den Preis einiger Referenzen oder die Schwierigkeit der Pflege einiger Artikel. Diese Abstriche scheinen jedoch durch die St\u00e4rken der Marke mehr als ausgeglichen zu werden.<\/p>\n<h2>Kirmada: Eine L\u00f6sung auch f\u00fcr Fahrzeughalter?<\/h2>\n<p>Angesichts des Erfolgs seiner Produktpalette f\u00fcr Haustiere weitet Kirmada sein Konzept mit einem speziellen Angebot auch auf Fahrzeugbesitzer aus. Mit Sitzbez\u00fcgen, Fu\u00dfmatten und anderen Accessoires f\u00fcr Autos soll diese neue Produktreihe Autofahrern mit Haustieren das Leben erleichtern.<\/p>\n<h3>Warum sollten Sie sich f\u00fcr Kirmada-Zubeh\u00f6r f\u00fcr Ihr Auto entscheiden?<\/h3>\n<p>Das Kirmada-Zubeh\u00f6r f\u00fcr Fahrzeuge bietet Tierbesitzern mehrere wichtige Vorteile:<\/p>\n<ul>\n<li>Optimaler Schutz der Sitze und des Bodens vor Krallen, Haaren und anderen Verschmutzungen<\/li>\n<li>Einfache Pflege durch strapazierf\u00e4hige und abwaschbare Materialien<\/li>\n<li>Ein Design, das auf die Tierartikel der Marke abgestimmt ist, f\u00fcr eine perfekte Harmonie<\/li>\n<li>Die Qualit\u00e4t und die Liebe zum Detail, f\u00fcr die Kirmada bekannt ist.<\/li>\n<\/ul>\n<h2>Schlie\u00dflich sollten wir auch den Umweltaspekt nicht au\u00dfer Acht lassen<\/h2>\n<p>Abgesehen von der \u00c4sthetik und dem Komfort, den sie bieten, werden die Kirmada-Produkte auch mit Blick auf Nachhaltigkeit und Umweltfreundlichkeit entwickelt. So <strong>die Marke legt Wert auf umweltvertr\u00e4gliche und wiederverwertbare Materialien,<\/strong> sowie ihren CO2-Fu\u00dfabdruck durch die Optimierung ihrer Produktions- und Logistikprozesse zu begrenzen. In diesem Sinne positioniert sich Kirmada als eine engagierte Marke, die sich um die Erhaltung unseres Planeten sorgt.<\/p>","protected":false},"excerpt":{"rendered":"<p>Die Welt der Verbraucher entwickelt sich st\u00e4ndig weiter, und jedes Jahr gibt es neue Trends. F\u00fcr 2024 ist eines der Ph\u00e4nomene, \u00fcber das alle reden, zweifellos Kirmada. Aber was ist Kirmada eigentlich? Wie sind die Meinungen der Nutzer? Wie hoch ist der Preis? Wir geben Ihnen alle ... <a title=\"Kirmada Meinungen und Preise 2024 : Alles \u00fcber diesen neuen Trend\" class=\"read-more\" href=\"https:\/\/www.formation-seo.org\/de\/outil\/kirmada\/\" aria-label=\"Mehr dazu unter Kirmada meinung und preis 2024: Alles \u00fcber diesen neuen Trend\">Weiterlesen<\/a><\/p>","protected":false},"author":11,"featured_media":0,"parent":1148,"menu_order":0,"comment_status":"open","ping_status":"closed","template":"","meta":{"spay_email":"","footnotes":""},"yoast_head":"<!-- This site is optimized with the Yoast SEO plugin v15.7 - https:\/\/yoast.com\/wordpress\/plugins\/seo\/ -->\n<title>Kirmada avis et prix 2024 : Tout savoir sur cette nouvelle tendance - Formation SEO<\/title>\n<meta name=\"robots\" content=\"index, follow, max-snippet:-1, max-image-preview:large, max-video-preview:-1\" \/>\n<link rel=\"canonical\" href=\"https:\/\/www.formation-seo.org\/de\/outil\/kirmada\/\" \/>\n<meta property=\"og:locale\" content=\"de_DE\" \/>\n<meta property=\"og:type\" content=\"article\" \/>\n<meta property=\"og:title\" content=\"Kirmada avis et prix 2024 : Tout savoir sur cette nouvelle tendance - Formation SEO\" \/>\n<meta property=\"og:description\" content=\"Le monde de la consommation ne cesse d&#8217;\u00e9voluer, et chaque ann\u00e9e voit appara\u00eetre de nouvelles tendances. Pour 2024, l&#8217;un des ph\u00e9nom\u00e8nes dont tout le monde parle est sans aucun doute Kirmada. Mais qu&#8217;est-ce que Kirmada ? Quels sont les avis des utilisateurs ? Quel en est le prix ? Nous allons vous donner toutes les ... Weiterlesen\" \/>\n<meta property=\"og:url\" content=\"https:\/\/www.formation-seo.org\/de\/outil\/kirmada\/\" \/>\n<meta property=\"og:site_name\" content=\"Formation SEO\" \/>\n<meta property=\"article:modified_time\" content=\"2024-01-29T15:22:42+00:00\" \/>\n<meta name=\"twitter:card\" content=\"summary_large_image\" \/>\n<meta name=\"twitter:label1\" content=\"Gesch\u00e4tzte Lesezeit\">\n\t<meta name=\"twitter:data1\" content=\"4\u00a0Minuten\">\n<script type=\"application\/ld+json\" class=\"yoast-schema-graph\">{\"@context\":\"https:\/\/schema.org\",\"@graph\":[{\"@type\":\"WebSite\",\"@id\":\"https:\/\/www.formation-seo.org\/de\/#website\",\"url\":\"https:\/\/www.formation-seo.org\/de\/\",\"name\":\"Formation SEO\",\"description\":\"Black Hat Money de Romain Pirotte\",\"potentialAction\":[{\"@type\":\"SearchAction\",\"target\":\"https:\/\/www.formation-seo.org\/de\/?s={search_term_string}\",\"query-input\":\"required name=search_term_string\"}],\"inLanguage\":\"de\"},{\"@type\":\"WebPage\",\"@id\":\"https:\/\/www.formation-seo.org\/de\/outil\/kirmada\/#webpage\",\"url\":\"https:\/\/www.formation-seo.org\/de\/outil\/kirmada\/\",\"name\":\"Kirmada avis et prix 2024 : Tout savoir sur cette nouvelle tendance - Formation SEO\",\"isPartOf\":{\"@id\":\"https:\/\/www.formation-seo.org\/de\/#website\"},\"datePublished\":\"2024-01-29T15:16:00+00:00\",\"dateModified\":\"2024-01-29T15:22:42+00:00\",\"inLanguage\":\"de\",\"potentialAction\":[{\"@type\":\"ReadAction\",\"target\":[\"https:\/\/www.formation-seo.org\/de\/outil\/kirmada\/\"]}]}]}<\/script>\n<!-- \/ Yoast SEO plugin. -->","_links":{"self":[{"href":"https:\/\/www.formation-seo.org\/de\/wp-json\/wp\/v2\/pages\/1165"}],"collection":[{"href":"https:\/\/www.formation-seo.org\/de\/wp-json\/wp\/v2\/pages"}],"about":[{"href":"https:\/\/www.formation-seo.org\/de\/wp-json\/wp\/v2\/types\/page"}],"author":[{"embeddable":true,"href":"https:\/\/www.formation-seo.org\/de\/wp-json\/wp\/v2\/users\/11"}],"replies":[{"embeddable":true,"href":"https:\/\/www.formation-seo.org\/de\/wp-json\/wp\/v2\/comments?post=1165"}],"version-history":[{"count":1,"href":"https:\/\/www.formation-seo.org\/de\/wp-json\/wp\/v2\/pages\/1165\/revisions"}],"predecessor-version":[{"id":1193,"href":"https:\/\/www.formation-seo.org\/de\/wp-json\/wp\/v2\/pages\/1165\/revisions\/1193"}],"up":[{"embeddable":true,"href":"https:\/\/www.formation-seo.org\/de\/wp-json\/wp\/v2\/pages\/1148"}],"wp:attachment":[{"href":"https:\/\/www.formation-seo.org\/de\/wp-json\/wp\/v2\/media?parent=1165"}],"curies":[{"name":"wp","href":"https:\/\/api.w.org\/{rel}","templated":true}]}}